{"id":45,"date":"2017-09-06T08:00:51","date_gmt":"2017-09-06T08:00:51","guid":{"rendered":"https:\/\/www.blouletters.nld.mx\/?page_id=45"},"modified":"2017-09-12T10:44:51","modified_gmt":"2017-09-12T10:44:51","slug":"rust-2","status":"publish","type":"page","link":"https:\/\/www.bloucijfers.nl\/","title":{"rendered":"Rust"},"content":{"rendered":"<p>[et_pb_section admin_label=&#8221;Sectie&#8221; transparent_background=&#8221;off&#8221; allow_player_pause=&#8221;off&#8221; inner_shadow=&#8221;off&#8221; parallax=&#8221;off&#8221; parallax_method=&#8221;on&#8221; custom_padding=&#8221;0px|0px|0px|0px&#8221; make_fullwidth=&#8221;off&#8221; use_custom_width=&#8221;off&#8221; width_unit=&#8221;off&#8221; custom_width_px=&#8221;1080px&#8221; custom_width_percent=&#8221;80%&#8221; make_equal=&#8221;off&#8221; use_custom_gutter=&#8221;off&#8221; fullwidth=&#8221;on&#8221; specialty=&#8221;off&#8221; disabled=&#8221;off&#8221;][et_pb_fullwidth_slider admin_label=&#8221;Volle breedte slider&#8221; show_arrows=&#8221;on&#8221; show_pagination=&#8221;on&#8221; auto=&#8221;off&#8221; auto_speed=&#8221;7000&#8243; auto_ignore_hover=&#8221;off&#8221; parallax=&#8221;off&#8221; parallax_method=&#8221;off&#8221; remove_inner_shadow=&#8221;off&#8221; background_position=&#8221;default&#8221; background_size=&#8221;default&#8221; hide_content_on_mobile=&#8221;off&#8221; hide_cta_on_mobile=&#8221;off&#8221; show_image_video_mobile=&#8221;off&#8221; header_font=&#8221;Ubuntu||||&#8221; header_font_size=&#8221;47px&#8221; body_line_height=&#8221;1em&#8221; custom_button=&#8221;off&#8221; button_letter_spacing=&#8221;0&#8243; button_use_icon=&#8221;default&#8221; button_icon_placement=&#8221;right&#8221; button_on_hover=&#8221;on&#8221; button_letter_spacing_hover=&#8221;0&#8243; disabled=&#8221;off&#8221;] [et_pb_slide heading=&#8221;Voor rust, reinheid en regelmaat in uw financi\u00eble administratie&#8221; button_link=&#8221;#&#8221; background_image=&#8221;https:\/\/www.bloucijfers.nl\/wp-content\/uploads\/2017\/09\/luca-zanon-26595.jpg&#8221; background_position=&#8221;default&#8221; background_size=&#8221;default&#8221; background_color=&#8221;#ffffff&#8221; use_bg_overlay=&#8221;off&#8221; use_text_overlay=&#8221;off&#8221; alignment=&#8221;center&#8221; background_layout=&#8221;dark&#8221; allow_player_pause=&#8221;off&#8221; text_border_radius=&#8221;3&#8243; header_font=&#8221;||||&#8221; body_font=&#8221;||||&#8221; custom_button=&#8221;off&#8221; button_font=&#8221;||||&#8221; button_use_icon=&#8221;default&#8221; button_icon_placement=&#8221;right&#8221; button_on_hover=&#8221;on&#8221; disabled=&#8221;off&#8221; header_font_select=&#8221;default&#8221; body_font_select=&#8221;default&#8221; button_font_select=&#8221;default&#8221;] [\/et_pb_slide] [\/et_pb_fullwidth_slider][\/et_pb_section][et_pb_section admin_label=&#8221;Sectie&#8221; transparent_background=&#8221;off&#8221; background_color=&#8221;#5a9dc9&#8243; allow_player_pause=&#8221;off&#8221; inner_shadow=&#8221;off&#8221; parallax=&#8221;off&#8221; parallax_method=&#8221;on&#8221; custom_padding=&#8221;52px|0px|54px|0px&#8221; make_fullwidth=&#8221;off&#8221; use_custom_width=&#8221;off&#8221; width_unit=&#8221;off&#8221; custom_width_px=&#8221;1080px&#8221; custom_width_percent=&#8221;80%&#8221; make_equal=&#8221;off&#8221; use_custom_gutter=&#8221;off&#8221; fullwidth=&#8221;off&#8221; specialty=&#8221;off&#8221; disabled=&#8221;off&#8221;][et_pb_row admin_label=&#8221;Rij&#8221; make_fullwidth=&#8221;off&#8221; use_custom_width=&#8221;off&#8221; width_unit=&#8221;off&#8221; custom_width_px=&#8221;1080px&#8221; custom_width_percent=&#8221;80%&#8221; use_custom_gutter=&#8221;off&#8221; gutter_width=&#8221;3&#8243; allow_player_pause=&#8221;off&#8221; parallax=&#8221;off&#8221; parallax_method=&#8221;on&#8221; make_equal=&#8221;off&#8221; parallax_1=&#8221;off&#8221; parallax_method_1=&#8221;on&#8221; parallax_2=&#8221;off&#8221; parallax_method_2=&#8221;on&#8221; parallax_3=&#8221;off&#8221; parallax_method_3=&#8221;on&#8221; parallax_4=&#8221;off&#8221; parallax_method_4=&#8221;on&#8221; disabled=&#8221;off&#8221;][et_pb_column type=&#8221;1_2&#8243;][et_pb_text admin_label=&#8221;Tekst&#8221; background_layout=&#8221;light&#8221; text_orientation=&#8221;left&#8221; header_font=&#8221;Ubuntu||||&#8221; header_font_size=&#8221;46px&#8221; header_text_color=&#8221;#ffffff&#8221; text_font_size=&#8221;16px&#8221; text_text_color=&#8221;#ffffff&#8221; use_border_color=&#8221;off&#8221; border_style=&#8221;solid&#8221; disabled=&#8221;off&#8221; border_color=&#8221;#ffffff&#8221;]<\/p>\n<h1>Wat<\/h1>\n<p>Blou cijfers biedt u ondersteuning in uw financi\u00eble\u00a0administratie. Blou is all round, verzorgt voor u het opzetten van uw administratie, maar ook het onderhoud ervan. Zowel uw debiteuren- als uw crediteurenadministratie en uw communicatie met de Belastingdienst zijn in goede handen bij Blou. Ik zorg voor uw overzicht. Alles in overleg. Blou houdt u op de hoogte.<\/p>\n<p>Tarief op aanvraag.<\/p>\n<p>[\/et_pb_text][\/et_pb_column][et_pb_column type=&#8221;1_2&#8243;][et_pb_image admin_label=&#8221;Afbeelding&#8221; src=&#8221;https:\/\/www.bloucijfers.nl\/wp-content\/uploads\/2017\/09\/uitgeteld.png&#8221; show_in_lightbox=&#8221;off&#8221; url_new_window=&#8221;off&#8221; use_overlay=&#8221;off&#8221; sticky=&#8221;off&#8221; align=&#8221;center&#8221; force_fullwidth=&#8221;off&#8221; always_center_on_mobile=&#8221;on&#8221; use_border_color=&#8221;off&#8221; border_color=&#8221;#ffffff&#8221; border_style=&#8221;solid&#8221; custom_margin=&#8221;20px|||&#8221; disabled=&#8221;off&#8221; animation=&#8221;left&#8221;] [\/et_pb_image][\/et_pb_column][\/et_pb_row][\/et_pb_section]<\/p>\n","protected":false},"excerpt":{"rendered":"<p>[et_pb_section admin_label=&#8221;Sectie&#8221; transparent_background=&#8221;off&#8221; allow_player_pause=&#8221;off&#8221; inner_shadow=&#8221;off&#8221; parallax=&#8221;off&#8221; parallax_method=&#8221;on&#8221; custom_padding=&#8221;0px|0px|0px|0px&#8221; make_fullwidth=&#8221;off&#8221; use_custom_width=&#8221;off&#8221; width_unit=&#8221;off&#8221; custom_width_px=&#8221;1080px&#8221; custom_width_percent=&#8221;80%&#8221; make_equal=&#8221;off&#8221; use_custom_gutter=&#8221;off&#8221; fullwidth=&#8221;on&#8221; specialty=&#8221;off&#8221; disabled=&#8221;off&#8221;][et_pb_fullwidth_slider admin_label=&#8221;Volle breedte slider&#8221; show_arrows=&#8221;on&#8221; show_pagination=&#8221;on&#8221; auto=&#8221;off&#8221; auto_speed=&#8221;7000&#8243; auto_ignore_hover=&#8221;off&#8221; parallax=&#8221;off&#8221; parallax_method=&#8221;off&#8221; remove_inner_shadow=&#8221;off&#8221; background_position=&#8221;default&#8221; background_size=&#8221;default&#8221; hide_content_on_mobile=&#8221;off&#8221; hide_cta_on_mobile=&#8221;off&#8221; show_image_video_mobile=&#8221;off&#8221; header_font=&#8221;Ubuntu||||&#8221; header_font_size=&#8221;47px&#8221; body_line_height=&#8221;1em&#8221; custom_button=&#8221;off&#8221; button_letter_spacing=&#8221;0&#8243; button_use_icon=&#8221;default&#8221; button_icon_placement=&#8221;right&#8221; button_on_hover=&#8221;on&#8221; button_letter_spacing_hover=&#8221;0&#8243; disabled=&#8221;off&#8221;] [et_pb_slide heading=&#8221;Voor rust, reinheid en regelmaat in uw financi\u00eble administratie&#8221; button_link=&#8221;#&#8221; [&hellip;]<\/p>\n","protected":false},"author":1,"featured_media":0,"parent":0,"menu_order":0,"comment_status":"closed","ping_status":"closed","template":"","meta":{"footnotes":""},"class_list":["post-45","page","type-page","status-publish","hentry"],"yoast_head":"<!-- This site is optimized with the Yoast SEO plugin v27.5 - https:\/\/yoast.com\/product\/yoast-seo-wordpress\/ -->\n<title>Financi\u00eble administratie | Blou cijfers administratie kantoor | Deventer<\/title>\n<meta name=\"description\" content=\"U zoekt hulp bij uw financi\u00eble administratie? Blou cijfers zorgt voor rust, reinheid en regelmaat in uw financi\u00eble administratie.\" \/>\n<meta name=\"robots\" content=\"index, follow, max-snippet:-1, max-image-preview:large, max-video-preview:-1\" \/>\n<link rel=\"canonical\" href=\"https:\/\/www.bloucijfers.nl\/\" \/>\n<meta property=\"og:locale\" content=\"nl_NL\" \/>\n<meta property=\"og:type\" content=\"article\" \/>\n<meta property=\"og:title\" content=\"Financi\u00eble administratie | Blou cijfers administratie kantoor | Deventer\" \/>\n<meta property=\"og:description\" content=\"U zoekt hulp bij uw financi\u00eble administratie? Blou cijfers zorgt voor rust, reinheid en regelmaat in uw financi\u00eble administratie.\" \/>\n<meta property=\"og:url\" content=\"https:\/\/www.bloucijfers.nl\/\" \/>\n<meta property=\"og:site_name\" content=\"Blouletters\" \/>\n<meta property=\"article:modified_time\" content=\"2017-09-12T10:44:51+00:00\" \/>\n<meta name=\"twitter:card\" content=\"summary_large_image\" \/>\n<meta name=\"twitter:label1\" content=\"Geschatte leestijd\" \/>\n\t<meta name=\"twitter:data1\" content=\"3 minuten\" \/>\n<script type=\"application\/ld+json\" class=\"yoast-schema-graph\">{\"@context\":\"https:\\\/\\\/schema.org\",\"@graph\":[{\"@type\":\"WebPage\",\"@id\":\"https:\\\/\\\/www.bloucijfers.nl\\\/\",\"url\":\"https:\\\/\\\/www.bloucijfers.nl\\\/\",\"name\":\"Financi\u00eble administratie | Blou cijfers administratie kantoor | Deventer\",\"isPartOf\":{\"@id\":\"https:\\\/\\\/www.bloucijfers.nl\\\/#website\"},\"datePublished\":\"2017-09-06T08:00:51+00:00\",\"dateModified\":\"2017-09-12T10:44:51+00:00\",\"description\":\"U zoekt hulp bij uw financi\u00eble administratie? Blou cijfers zorgt voor rust, reinheid en regelmaat in uw financi\u00eble administratie.\",\"breadcrumb\":{\"@id\":\"https:\\\/\\\/www.bloucijfers.nl\\\/#breadcrumb\"},\"inLanguage\":\"nl-NL\",\"potentialAction\":[{\"@type\":\"ReadAction\",\"target\":[\"https:\\\/\\\/www.bloucijfers.nl\\\/\"]}]},{\"@type\":\"BreadcrumbList\",\"@id\":\"https:\\\/\\\/www.bloucijfers.nl\\\/#breadcrumb\",\"itemListElement\":[{\"@type\":\"ListItem\",\"position\":1,\"name\":\"Home\",\"item\":\"https:\\\/\\\/www.bloucijfers.nl\\\/\"},{\"@type\":\"ListItem\",\"position\":2,\"name\":\"Rust\"}]},{\"@type\":\"WebSite\",\"@id\":\"https:\\\/\\\/www.bloucijfers.nl\\\/#website\",\"url\":\"https:\\\/\\\/www.bloucijfers.nl\\\/\",\"name\":\"Blouletters\",\"description\":\"Just another WordPress site\",\"potentialAction\":[{\"@type\":\"SearchAction\",\"target\":{\"@type\":\"EntryPoint\",\"urlTemplate\":\"https:\\\/\\\/www.bloucijfers.nl\\\/?s={search_term_string}\"},\"query-input\":{\"@type\":\"PropertyValueSpecification\",\"valueRequired\":true,\"valueName\":\"search_term_string\"}}],\"inLanguage\":\"nl-NL\"}]}<\/script>\n<!-- \/ Yoast SEO plugin. -->","yoast_head_json":{"title":"Financi\u00eble administratie | Blou cijfers administratie kantoor | Deventer","description":"U zoekt hulp bij uw financi\u00eble administratie? Blou cijfers zorgt voor rust, reinheid en regelmaat in uw financi\u00eble administratie.","robots":{"index":"index","follow":"follow","max-snippet":"max-snippet:-1","max-image-preview":"max-image-preview:large","max-video-preview":"max-video-preview:-1"},"canonical":"https:\/\/www.bloucijfers.nl\/","og_locale":"nl_NL","og_type":"article","og_title":"Financi\u00eble administratie | Blou cijfers administratie kantoor | Deventer","og_description":"U zoekt hulp bij uw financi\u00eble administratie? Blou cijfers zorgt voor rust, reinheid en regelmaat in uw financi\u00eble administratie.","og_url":"https:\/\/www.bloucijfers.nl\/","og_site_name":"Blouletters","article_modified_time":"2017-09-12T10:44:51+00:00","twitter_card":"summary_large_image","twitter_misc":{"Geschatte leestijd":"3 minuten"},"schema":{"@context":"https:\/\/schema.org","@graph":[{"@type":"WebPage","@id":"https:\/\/www.bloucijfers.nl\/","url":"https:\/\/www.bloucijfers.nl\/","name":"Financi\u00eble administratie | Blou cijfers administratie kantoor | Deventer","isPartOf":{"@id":"https:\/\/www.bloucijfers.nl\/#website"},"datePublished":"2017-09-06T08:00:51+00:00","dateModified":"2017-09-12T10:44:51+00:00","description":"U zoekt hulp bij uw financi\u00eble administratie? Blou cijfers zorgt voor rust, reinheid en regelmaat in uw financi\u00eble administratie.","breadcrumb":{"@id":"https:\/\/www.bloucijfers.nl\/#breadcrumb"},"inLanguage":"nl-NL","potentialAction":[{"@type":"ReadAction","target":["https:\/\/www.bloucijfers.nl\/"]}]},{"@type":"BreadcrumbList","@id":"https:\/\/www.bloucijfers.nl\/#breadcrumb","itemListElement":[{"@type":"ListItem","position":1,"name":"Home","item":"https:\/\/www.bloucijfers.nl\/"},{"@type":"ListItem","position":2,"name":"Rust"}]},{"@type":"WebSite","@id":"https:\/\/www.bloucijfers.nl\/#website","url":"https:\/\/www.bloucijfers.nl\/","name":"Blouletters","description":"Just another WordPress site","potentialAction":[{"@type":"SearchAction","target":{"@type":"EntryPoint","urlTemplate":"https:\/\/www.bloucijfers.nl\/?s={search_term_string}"},"query-input":{"@type":"PropertyValueSpecification","valueRequired":true,"valueName":"search_term_string"}}],"inLanguage":"nl-NL"}]}},"_links":{"self":[{"href":"https:\/\/www.bloucijfers.nl\/index.php\/wp-json\/wp\/v2\/pages\/45","targetHints":{"allow":["GET"]}}],"collection":[{"href":"https:\/\/www.bloucijfers.nl\/index.php\/wp-json\/wp\/v2\/pages"}],"about":[{"href":"https:\/\/www.bloucijfers.nl\/index.php\/wp-json\/wp\/v2\/types\/page"}],"author":[{"embeddable":true,"href":"https:\/\/www.bloucijfers.nl\/index.php\/wp-json\/wp\/v2\/users\/1"}],"replies":[{"embeddable":true,"href":"https:\/\/www.bloucijfers.nl\/index.php\/wp-json\/wp\/v2\/comments?post=45"}],"version-history":[{"count":18,"href":"https:\/\/www.bloucijfers.nl\/index.php\/wp-json\/wp\/v2\/pages\/45\/revisions"}],"predecessor-version":[{"id":118,"href":"https:\/\/www.bloucijfers.nl\/index.php\/wp-json\/wp\/v2\/pages\/45\/revisions\/118"}],"wp:attachment":[{"href":"https:\/\/www.bloucijfers.nl\/index.php\/wp-json\/wp\/v2\/media?parent=45"}],"curies":[{"name":"wp","href":"https:\/\/api.w.org\/{rel}","templated":true}]}}